{"id":547,"date":"2017-02-01T11:31:15","date_gmt":"2017-02-01T10:31:15","guid":{"rendered":"http:\/\/marcsimoldures.com\/inicio\/"},"modified":"2026-02-25T15:55:04","modified_gmt":"2026-02-25T14:55:04","slug":"inicio","status":"publish","type":"page","link":"https:\/\/marcsimoldures.com\/ca\/","title":{"rendered":"INICI"},"content":{"rendered":"<p>[et_pb_section fb_built=&#8221;1&#8243; fullwidth=&#8221;on&#8221; _builder_version=&#8221;3.0.47&#8243; transparent_background=&#8221;off&#8221;][et_pb_fullwidth_slider _builder_version=&#8221;3.0.47&#8243; parallax=&#8221;on&#8221; custom_padding=&#8221;350px||350px|&#8221; custom_padding_tablet=&#8221;|||&#8221; custom_padding_phone=&#8221;|||&#8221; auto=&#8221;on&#8221; auto_speed=&#8221;5000&#8243; custom_css_slide_title=&#8221;margin-top:-100px;&#8221; top_padding=&#8221;350px&#8221; bottom_padding=&#8221;350px&#8221; remove_inner_shadow=&#8221;on&#8221; hide_content_on_mobile=&#8221;off&#8221; hide_cta_on_mobile=&#8221;off&#8221; show_inner_shadow=&#8221;off&#8221;][et_pb_slide heading=&#8221;M\u00c0XIMA QUALITAT AL MILLOR PREU&#8221; use_bg_overlay=&#8221;off&#8221; use_text_overlay=&#8221;off&#8221; arrows_custom_color=&#8221;#ffffff&#8221; dot_nav_custom_color=&#8221;#ffffff&#8221; _builder_version=&#8221;3.0.47&#8243; header_font=&#8221;Raleway|on||on|&#8221; header_font_size=&#8221;46px&#8221; header_font_size_tablet=&#8221;46px&#8221; header_font_size_phone=&#8221;30px&#8221; header_font_size_last_edited=&#8221;on|phone&#8221; header_text_color=&#8221;#ffffff&#8221; header_letter_spacing=&#8221;1px&#8221; header_letter_spacing_tablet=&#8221;1px&#8221; header_letter_spacing_phone=&#8221;1px&#8221; body_font=&#8221;||||&#8221; background_image=&#8221;https:\/\/marcsimoldures.com\/wp-content\/uploads\/2017\/02\/MMslider1.jpg&#8221; background_size=&#8221;default&#8221; background_position=&#8221;default&#8221; custom_button=&#8221;off&#8221; button_icon_placement=&#8221;right&#8221; button_on_hover=&#8221;on&#8221;][\/et_pb_slide][et_pb_slide heading=&#8221;SOMS ESPECIALISTES EN ENMARCACI\u00d3&#8221; use_bg_overlay=&#8221;off&#8221; use_text_overlay=&#8221;off&#8221; arrows_custom_color=&#8221;#ffffff&#8221; dot_nav_custom_color=&#8221;#ffffff&#8221; _builder_version=&#8221;3.0.47&#8243; header_font=&#8221;Raleway|on||on|&#8221; header_font_size=&#8221;46px&#8221; header_font_size_tablet=&#8221;46px&#8221; header_font_size_phone=&#8221;28px&#8221; header_font_size_last_edited=&#8221;on|phone&#8221; header_text_color=&#8221;#ffffff&#8221; header_letter_spacing=&#8221;1px&#8221; header_letter_spacing_tablet=&#8221;1px&#8221; header_letter_spacing_phone=&#8221;1px&#8221; body_font=&#8221;||||&#8221; background_image=&#8221;https:\/\/marcsimoldures.com\/wp-content\/uploads\/2017\/02\/MMslider3.jpg&#8221; background_size=&#8221;default&#8221; background_position=&#8221;default&#8221; custom_button=&#8221;off&#8221; button_icon_placement=&#8221;right&#8221; button_on_hover=&#8221;on&#8221;][\/et_pb_slide][et_pb_slide heading=&#8221;AMPLIA GAMA DE MOLDURES&#8221; use_bg_overlay=&#8221;off&#8221; use_text_overlay=&#8221;off&#8221; arrows_custom_color=&#8221;#ffffff&#8221; dot_nav_custom_color=&#8221;#ffffff&#8221; _builder_version=&#8221;3.0.47&#8243; header_font=&#8221;Raleway|on||on|&#8221; header_font_size=&#8221;46px&#8221; header_font_size_tablet=&#8221;46px&#8221; header_font_size_phone=&#8221;30px&#8221; header_font_size_last_edited=&#8221;on|phone&#8221; header_text_color=&#8221;#ffffff&#8221; header_letter_spacing=&#8221;1px&#8221; header_letter_spacing_tablet=&#8221;1px&#8221; header_letter_spacing_phone=&#8221;1px&#8221; body_font=&#8221;||||&#8221; background_image=&#8221;https:\/\/marcsimoldures.com\/wp-content\/uploads\/2017\/02\/MMsoider9.jpg&#8221; background_size=&#8221;default&#8221; background_position=&#8221;default&#8221; custom_button=&#8221;off&#8221; button_icon_placement=&#8221;right&#8221; button_on_hover=&#8221;on&#8221;][\/et_pb_slide][et_pb_slide heading=&#8221;ENMARCACI\u00d3 PER EXPOSICIONS&#8221; use_bg_overlay=&#8221;off&#8221; use_text_overlay=&#8221;off&#8221; arrows_custom_color=&#8221;#ffffff&#8221; dot_nav_custom_color=&#8221;#ffffff&#8221; _builder_version=&#8221;3.0.47&#8243; header_font=&#8221;Raleway|on||on|&#8221; header_font_size=&#8221;46px&#8221; header_font_size_tablet=&#8221;46px&#8221; header_font_size_phone=&#8221;30px&#8221; header_font_size_last_edited=&#8221;on|phone&#8221; header_text_color=&#8221;#ffffff&#8221; header_letter_spacing=&#8221;1px&#8221; header_letter_spacing_tablet=&#8221;1px&#8221; header_letter_spacing_phone=&#8221;1px&#8221; body_font=&#8221;||||&#8221; background_image=&#8221;https:\/\/marcsimoldures.com\/wp-content\/uploads\/2017\/02\/MMslider7.jpg&#8221; background_size=&#8221;default&#8221; custom_button=&#8221;off&#8221; button_icon_placement=&#8221;right&#8221; button_on_hover=&#8221;on&#8221;][\/et_pb_slide][et_pb_slide heading=&#8221;ATENCI\u00d3 PERSONALITZADA&#8221; use_bg_overlay=&#8221;off&#8221; use_text_overlay=&#8221;off&#8221; arrows_custom_color=&#8221;#ffffff&#8221; dot_nav_custom_color=&#8221;#ffffff&#8221; _builder_version=&#8221;3.0.47&#8243; header_font=&#8221;Raleway|on||on|&#8221; header_font_size=&#8221;46px&#8221; header_font_size_tablet=&#8221;46px&#8221; header_font_size_phone=&#8221;23px&#8221; header_font_size_last_edited=&#8221;on|phone&#8221; header_text_color=&#8221;#ffffff&#8221; header_letter_spacing=&#8221;1px&#8221; header_letter_spacing_tablet=&#8221;1px&#8221; header_letter_spacing_phone=&#8221;1px&#8221; body_font=&#8221;||||&#8221; background_image=&#8221;https:\/\/marcsimoldures.com\/wp-content\/uploads\/2017\/02\/MMslider13.jpg&#8221; background_size=&#8221;default&#8221; background_position=&#8221;bottom_center&#8221; custom_button=&#8221;off&#8221; button_icon_placement=&#8221;right&#8221; button_on_hover=&#8221;on&#8221;][\/et_pb_slide][\/et_pb_fullwidth_slider][\/et_pb_section][et_pb_section fb_built=&#8221;1&#8243; _builder_version=&#8221;3.0.47&#8243; transparent_background=&#8221;off&#8221;][et_pb_row make_fullwidth=&#8221;on&#8221; use_custom_gutter=&#8221;on&#8221; gutter_width=&#8221;1&#8243; custom_margin=&#8221;-81px||-2px|&#8221; parallax_method_1=&#8221;off&#8221; parallax_method_2=&#8221;off&#8221; _builder_version=&#8221;3.0.47&#8243; background_size=&#8221;initial&#8221; background_position=&#8221;top_left&#8221; background_repeat=&#8221;repeat&#8221;][et_pb_column type=&#8221;1_2&#8243; _builder_version=&#8221;3.0.47&#8243; parallax=&#8221;off&#8221; parallax_method=&#8221;off&#8221;][et_pb_text _builder_version=&#8221;3.0.47&#8243; text_font=&#8221;Raleway||||&#8221; text_font_size=&#8221;18px&#8221; text_text_color=&#8221;#2b2b2b&#8221; text_line_height=&#8221;2em&#8221; header_font=&#8221;Raleway|on|||&#8221; header_font_size=&#8221;36px&#8221; header_text_color=&#8221;#2b2b2b&#8221; header_letter_spacing=&#8221;1px&#8221; background_size=&#8221;initial&#8221; background_position=&#8221;top_left&#8221; background_repeat=&#8221;repeat&#8221; custom_margin=&#8221;90px|40px||40px&#8221; use_border_color=&#8221;off&#8221; border_color=&#8221;#ffffff&#8221; border_style=&#8221;solid&#8221;]<\/p>\n<h1 style=\"text-align: center;\">Marcs y Moldures Son Sardina<\/h1>\n<p style=\"text-align: center;\">Nova botiga d&#8217;emmarcaci\u00f3 a Palma de Mallorca.<br \/>\nM\u00e9s de 800 motllures diferents al millor preu.<br \/>\nEmmarcacions al moment.<\/p>\n<p>[\/et_pb_text][\/et_pb_column][et_pb_column type=&#8221;1_2&#8243; _builder_version=&#8221;3.0.47&#8243; parallax=&#8221;off&#8221; parallax_method=&#8221;off&#8221;][et_pb_gallery gallery_ids=&#8221;605,601,602,603,604,600&#8243; fullwidth=&#8221;on&#8221; hover_icon=&#8221;%%3%%&#8221; _builder_version=&#8221;3.0.47&#8243; auto=&#8221;on&#8221; auto_speed=&#8221;3000&#8243; use_border_color=&#8221;off&#8221; border_color=&#8221;#ffffff&#8221; border_width=&#8221;8px&#8221; border_style=&#8221;solid&#8221;][\/et_pb_gallery][\/et_pb_column][\/et_pb_row][\/et_pb_section][et_pb_section fb_built=&#8221;1&#8243; background_color=&#8221;#1d2937&#8243; _builder_version=&#8221;3.0.47&#8243; custom_css_main_element=&#8221;margin-top:-80px;&#8221; transparent_background=&#8221;off&#8221;][et_pb_row make_fullwidth=&#8221;on&#8221; background_color=&#8221;rgba(204,102,0,0)&#8221; parallax_method_1=&#8221;off&#8221; _builder_version=&#8221;3.0.47&#8243; background_size=&#8221;initial&#8221; background_position=&#8221;top_left&#8221; background_repeat=&#8221;repeat&#8221;][et_pb_column type=&#8221;4_4&#8243; _builder_version=&#8221;3.0.47&#8243; parallax=&#8221;off&#8221; parallax_method=&#8221;off&#8221;][et_pb_text _builder_version=&#8221;3.0.47&#8243; text_font_size=&#8221;26px&#8221; text_text_color=&#8221;#ffffff&#8221; text_letter_spacing=&#8221;1px&#8221; text_line_height=&#8221;2em&#8221; header_font=&#8221;Raleway||||&#8221; header_text_color=&#8221;#ffffff&#8221; header_letter_spacing=&#8221;1px&#8221; header_line_height=&#8221;2em&#8221; background_size=&#8221;initial&#8221; background_position=&#8221;top_left&#8221; background_repeat=&#8221;repeat&#8221; text_orientation=&#8221;center&#8221; module_alignment=&#8221;center&#8221; use_border_color=&#8221;off&#8221; border_color=&#8221;#ffffff&#8221; border_style=&#8221;solid&#8221;]<span style=\"color: #ffffff;\">M\u00e0xima qualitat i professionalitat en la nostra feina diaria.<\/span><br \/>\n<span style=\"color: #ffffff;\"> Oferim el millor servei, fem servir els millors materials per obtenir els millors acabats en els nostres traballs.<\/span><\/p>\n<h1><\/h1>\n<p>[\/et_pb_text][\/et_pb_column][\/et_pb_row][\/et_pb_section][et_pb_section fb_built=&#8221;1&#8243; _builder_version=&#8221;3.0.47&#8243;][et_pb_row make_fullwidth=&#8221;on&#8221; use_custom_gutter=&#8221;on&#8221; gutter_width=&#8221;1&#8243; _builder_version=&#8221;3.0.100&#8243;][et_pb_column type=&#8221;1_4&#8243; _builder_version=&#8221;3.0.47&#8243; parallax=&#8221;off&#8221; parallax_method=&#8221;on&#8221;][et_pb_image src=&#8221;https:\/\/marcsimoldures.com\/wp-content\/uploads\/2017\/02\/MMfoto5vertical.jpg&#8221; _builder_version=&#8221;3.0.100&#8243;][\/et_pb_image][\/et_pb_column][et_pb_column type=&#8221;1_4&#8243; _builder_version=&#8221;3.0.47&#8243; parallax=&#8221;off&#8221; parallax_method=&#8221;on&#8221;][et_pb_image src=&#8221;https:\/\/marcsimoldures.com\/wp-content\/uploads\/2017\/02\/MMfoto6vertical.jpg&#8221; _builder_version=&#8221;3.0.100&#8243;][\/et_pb_image][\/et_pb_column][et_pb_column type=&#8221;1_4&#8243; _builder_version=&#8221;3.0.47&#8243; parallax=&#8221;off&#8221; parallax_method=&#8221;on&#8221;][et_pb_image src=&#8221;https:\/\/marcsimoldures.com\/wp-content\/uploads\/2017\/02\/MMfoto3vertical.jpg&#8221; _builder_version=&#8221;3.0.106&#8243;][\/et_pb_image][\/et_pb_column][et_pb_column type=&#8221;1_4&#8243; _builder_version=&#8221;3.0.47&#8243; parallax=&#8221;off&#8221; parallax_method=&#8221;on&#8221;][et_pb_image src=&#8221;https:\/\/marcsimoldures.com\/wp-content\/uploads\/2017\/02\/MMfoto4vertical.jpg&#8221; _builder_version=&#8221;3.0.100&#8243;][\/et_pb_image][\/et_pb_column][\/et_pb_row][\/et_pb_section][et_pb_section fb_built=&#8221;1&#8243; _builder_version=&#8221;3.0.100&#8243; background_image=&#8221;https:\/\/marcsimoldures.com\/wp-content\/uploads\/2017\/02\/MMfondofinalidad.jpg&#8221; custom_padding=&#8221;200px||200px|&#8221; custom_css_main_element=&#8221;margin-top:-4px;&#8221; transparent_background=&#8221;off&#8221;][et_pb_row make_fullwidth=&#8221;on&#8221; use_custom_gutter=&#8221;on&#8221; gutter_width=&#8221;1&#8243; parallax_method_1=&#8221;off&#8221; parallax_method_2=&#8221;off&#8221; _builder_version=&#8221;3.0.47&#8243; background_size=&#8221;initial&#8221; background_position=&#8221;top_left&#8221; background_repeat=&#8221;repeat&#8221;][et_pb_column type=&#8221;1_2&#8243; _builder_version=&#8221;3.0.47&#8243; parallax=&#8221;off&#8221; parallax_method=&#8221;off&#8221;][et_pb_text _builder_version=&#8221;3.0.47&#8243; text_font=&#8221;Raleway||||&#8221; text_font_size=&#8221;22px&#8221; text_text_color=&#8221;#ffffff&#8221; text_line_height=&#8221;2em&#8221; header_font=&#8221;Raleway|on|||&#8221; header_font_size=&#8221;40px&#8221; header_text_color=&#8221;#ffffff&#8221; header_letter_spacing=&#8221;1px&#8221; background_size=&#8221;initial&#8221; background_position=&#8221;top_left&#8221; background_repeat=&#8221;repeat&#8221; custom_margin=&#8221;|40px||40px&#8221; use_border_color=&#8221;off&#8221; border_color=&#8221;#ffffff&#8221; border_style=&#8221;solid&#8221;]<\/p>\n<h1>Finalitat&#8230;<\/h1>\n<p>Quan enmarcam un quadre conseguin dos objectius: real\u00e7ar la bellesa de l&#8217;obra i a la vegada protegir-la. Per aquesta ra\u00f3 assessorem els nostres clients, tenguent en compte el valor de l&#8217;objecte a enmarcar, el lloc on estara col.locat, la decoraci\u00f3, etc..<\/p>\n<p>&nbsp;<br \/>\n[\/et_pb_text][\/et_pb_column][et_pb_column type=&#8221;1_2&#8243; _builder_version=&#8221;3.0.47&#8243; parallax=&#8221;off&#8221; parallax_method=&#8221;off&#8221;][\/et_pb_column][\/et_pb_row][\/et_pb_section][et_pb_section fb_built=&#8221;1&#8243; _builder_version=&#8221;3.0.47&#8243;][et_pb_row _builder_version=&#8221;3.0.47&#8243; background_size=&#8221;initial&#8221; background_position=&#8221;top_left&#8221; background_repeat=&#8221;repeat&#8221;][et_pb_column type=&#8221;1_4&#8243; _builder_version=&#8221;3.0.47&#8243; parallax=&#8221;off&#8221; parallax_method=&#8221;on&#8221;][et_pb_blurb title=&#8221;M\u00e9s de 800 motllures&#8221; use_icon=&#8221;on&#8221; font_icon=&#8221;%%100%%&#8221; icon_color=&#8221;#8f7243&#8243; use_icon_font_size=&#8221;on&#8221; icon_font_size=&#8221;54px&#8221; _builder_version=&#8221;3.0.47&#8243; header_font=&#8221;Raleway|on|||&#8221; header_font_size=&#8221;28px&#8221; header_text_color=&#8221;#2b2b2b&#8221; body_font=&#8221;Raleway||||&#8221; body_font_size=&#8221;14px&#8221; background_size=&#8221;initial&#8221; background_position=&#8221;top_left&#8221; background_repeat=&#8221;repeat&#8221; text_orientation=&#8221;center&#8221; custom_css_blurb_content=&#8221;margin-top:10px;&#8221; use_border_color=&#8221;off&#8221; border_color=&#8221;#ffffff&#8221; border_style=&#8221;solid&#8221;]A Marcs i Moldures Son Sardina podr\u00e0s triar entre un stock de m\u00e9s de 800 motllures diferents per a que puguis trobar la que millor encaixi amb els teus gustos i necessitats.<\/p>\n<p>&nbsp;<br \/>\n[\/et_pb_blurb][\/et_pb_column][et_pb_column type=&#8221;1_4&#8243; _builder_version=&#8221;3.0.47&#8243; parallax=&#8221;off&#8221; parallax_method=&#8221;on&#8221;][et_pb_blurb title=&#8221;Emmarcacions al moment&#8221; use_icon=&#8221;on&#8221; font_icon=&#8221;%%166%%&#8221; icon_color=&#8221;#8f7243&#8243; use_icon_font_size=&#8221;on&#8221; icon_font_size=&#8221;54px&#8221; _builder_version=&#8221;3.0.47&#8243; header_font=&#8221;Raleway|on|||&#8221; header_font_size=&#8221;28px&#8221; header_text_color=&#8221;#2b2b2b&#8221; body_font=&#8221;Raleway||||&#8221; body_font_size=&#8221;14px&#8221; background_size=&#8221;initial&#8221; background_position=&#8221;top_left&#8221; background_repeat=&#8221;repeat&#8221; text_orientation=&#8221;center&#8221; custom_css_blurb_content=&#8221;margin-top:10px;&#8221; use_border_color=&#8221;off&#8221; border_color=&#8221;#ffffff&#8221; border_style=&#8221;solid&#8221;]No haur\u00e0s de deixar el teu enc\u00e0rrec durant dies perqu\u00e8 a Marcs i Moldures Son Sardina emmarquem al moment.<br \/>\n[\/et_pb_blurb][\/et_pb_column][et_pb_column type=&#8221;1_4&#8243; _builder_version=&#8221;3.0.47&#8243; parallax=&#8221;off&#8221; parallax_method=&#8221;on&#8221;][et_pb_blurb title=&#8221;Horari ininterromput&#8221; use_icon=&#8221;on&#8221; font_icon=&#8221;%%227%%&#8221; icon_color=&#8221;#8f7243&#8243; use_icon_font_size=&#8221;on&#8221; icon_font_size=&#8221;54px&#8221; _builder_version=&#8221;3.0.106&#8243; header_font=&#8221;Raleway|on|||&#8221; header_font_size=&#8221;28px&#8221; header_text_color=&#8221;#2b2b2b&#8221; body_font=&#8221;Raleway||||&#8221; background_size=&#8221;initial&#8221; background_position=&#8221;top_left&#8221; background_repeat=&#8221;repeat&#8221; text_orientation=&#8221;center&#8221; max_width_tablet=&#8221;50px&#8221; custom_css_blurb_content=&#8221;margin-top:10px;&#8221; use_border_color=&#8221;off&#8221;]<\/p>\n<p>T&#8217;atenem de dilluns a divendres en horari ininterromput de 9.00h a 18.00h i tots els dissabtes al mat\u00ed de 9.30h a 13.15h.<\/p>\n<p>[\/et_pb_blurb][\/et_pb_column][et_pb_column type=&#8221;1_4&#8243; _builder_version=&#8221;3.0.47&#8243; parallax=&#8221;off&#8221; parallax_method=&#8221;on&#8221;][et_pb_blurb title=&#8221;Participa&#8221; use_icon=&#8221;on&#8221; font_icon=&#8221;%%221%%&#8221; icon_color=&#8221;#8f7243&#8243; use_icon_font_size=&#8221;on&#8221; icon_font_size=&#8221;54px&#8221; _builder_version=&#8221;3.0.47&#8243; header_font=&#8221;Raleway|on|||&#8221; header_font_size=&#8221;28px&#8221; header_text_color=&#8221;#2b2b2b&#8221; body_font=&#8221;Raleway||||&#8221; body_font_size=&#8221;14px&#8221; background_size=&#8221;initial&#8221; background_position=&#8221;top_left&#8221; background_repeat=&#8221;repeat&#8221; text_orientation=&#8221;center&#8221; custom_css_blurb_image=&#8221;margin-top:10px;&#8221; custom_css_blurb_title=&#8221;margin-bottom:27px;&#8221; use_border_color=&#8221;off&#8221; border_color=&#8221;#ffffff&#8221; border_style=&#8221;solid&#8221;]Ens agrada estar en contacte i comunicar-nos amb els nostres clients. Estigues al d\u00eda del que pasa a Marcs i Moldures Son Sardina.<br \/>\n[\/et_pb_blurb][\/et_pb_column][\/et_pb_row][\/et_pb_section][et_pb_section fb_built=&#8221;1&#8243; background_color=&#8221;#1d2937&#8243; _builder_version=&#8221;3.0.47&#8243; transparent_background=&#8221;off&#8221;][et_pb_row _builder_version=&#8221;3.0.47&#8243; background_size=&#8221;initial&#8221; background_position=&#8221;top_left&#8221; background_repeat=&#8221;repeat&#8221;][et_pb_column type=&#8221;1_3&#8243; _builder_version=&#8221;3.0.47&#8243; parallax=&#8221;off&#8221; parallax_method=&#8221;on&#8221;][et_pb_text _builder_version=&#8221;3.0.47&#8243; background_size=&#8221;initial&#8221; background_position=&#8221;top_left&#8221; background_repeat=&#8221;repeat&#8221; text_orientation=&#8221;center&#8221; module_alignment=&#8221;center&#8221; use_border_color=&#8221;off&#8221; border_color=&#8221;#ffffff&#8221; border_style=&#8221;solid&#8221;]<\/p>\n<h4 style=\"text-align: center;\"><span style=\"color: #000000;\"><span style=\"color: #ffffff;\">HORARI ININTERROMPUT<\/span>\u00a0<\/span><\/h4>\n<h4><\/h4>\n<p>[\/et_pb_text][et_pb_divider show_divider=&#8221;on&#8221; _builder_version=&#8221;3.0.47&#8243; custom_css_main_element=&#8221;margin-top:-9px;&#8221; hide_on_mobile=&#8221;off&#8221;][\/et_pb_divider][et_pb_text _builder_version=&#8221;3.0.106&#8243; text_text_color=&#8221;#ffffff&#8221; background_size=&#8221;initial&#8221; background_position=&#8221;top_left&#8221; background_repeat=&#8221;repeat&#8221; custom_margin=&#8221;30px|||&#8221; use_border_color=&#8221;off&#8221;]<\/p>\n<p style=\"text-align: center;\"><strong>DILLUNS &#8211; DIVENDRES<\/strong><\/p>\n<p style=\"text-align: center;\">9.00 h a 18.00 h<\/p>\n<p style=\"text-align: center;\"><strong>DISSABTES<\/strong><\/p>\n<p style=\"text-align: center;\">9.30 h a 13.15 h<\/p>\n<p>[\/et_pb_text][\/et_pb_column][et_pb_column type=&#8221;1_3&#8243; _builder_version=&#8221;3.0.47&#8243; parallax=&#8221;off&#8221; parallax_method=&#8221;on&#8221;][et_pb_text _builder_version=&#8221;3.0.47&#8243; background_size=&#8221;initial&#8221; background_position=&#8221;top_left&#8221; background_repeat=&#8221;repeat&#8221; text_orientation=&#8221;center&#8221; module_alignment=&#8221;center&#8221; use_border_color=&#8221;off&#8221; border_color=&#8221;#ffffff&#8221; border_style=&#8221;solid&#8221;]<\/p>\n<h4 style=\"text-align: center;\"><span style=\"color: #ffffff;\">SEGUEIX-NOS<\/span><\/h4>\n<p>[\/et_pb_text][et_pb_divider show_divider=&#8221;on&#8221; _builder_version=&#8221;3.0.47&#8243; hide_on_mobile=&#8221;off&#8221;][\/et_pb_divider][et_pb_social_media_follow _builder_version=&#8221;3.0.106&#8243;][et_pb_social_media_follow_network social_network=&#8221;facebook&#8221; url=&#8221;https:\/\/www.facebook.com\/marcsimoldures&#8221; _builder_version=&#8221;3.0.106&#8243; background_color=&#8221;#3b5998&#8243; custom_css_social_icon=&#8221;margin-top:30px;||margin-left:140px;&#8221; follow_button=&#8221;off&#8221; url_new_window=&#8221;on&#8221;] Facebook [\/et_pb_social_media_follow_network][et_pb_social_media_follow_network social_network=&#8221;instagram&#8221; url=&#8221;https:\/\/www.instagram.com\/marcsimolduressonsardina\/&#8221; _builder_version=&#8221;3.0.106&#8243; background_color=&#8221;#ea2c59&#8243; follow_button=&#8221;off&#8221; url_new_window=&#8221;on&#8221;] Instagram [\/et_pb_social_media_follow_network][\/et_pb_social_media_follow][\/et_pb_column][et_pb_column type=&#8221;1_3&#8243; _builder_version=&#8221;3.0.47&#8243; parallax=&#8221;off&#8221; parallax_method=&#8221;on&#8221;][et_pb_text _builder_version=&#8221;3.0.47&#8243; background_size=&#8221;initial&#8221; background_position=&#8221;top_left&#8221; background_repeat=&#8221;repeat&#8221; text_orientation=&#8221;center&#8221; module_alignment=&#8221;center&#8221; use_border_color=&#8221;off&#8221; border_color=&#8221;#ffffff&#8221; border_style=&#8221;solid&#8221;]<\/p>\n<h4 style=\"text-align: center;\"><span style=\"color: #ffffff;\">CONTACTA&#8217;NS<\/span><\/h4>\n<p>[\/et_pb_text][et_pb_divider show_divider=&#8221;on&#8221; _builder_version=&#8221;3.0.47&#8243; hide_on_mobile=&#8221;off&#8221;][\/et_pb_divider][et_pb_text _builder_version=&#8221;3.0.47&#8243; text_text_color=&#8221;#ffffff&#8221; background_size=&#8221;initial&#8221; background_position=&#8221;top_left&#8221; background_repeat=&#8221;repeat&#8221; custom_margin=&#8221;30px|||&#8221; custom_css_main_element=&#8221;margin-top:70px;&#8221; use_border_color=&#8221;off&#8221; border_color=&#8221;#ffffff&#8221; border_style=&#8221;solid&#8221;]<\/p>\n<h4 style=\"text-align: center;\"><span style=\"color: #ffffff;\">Marcs i Moldures Son Sardina<\/span><\/h4>\n<div style=\"text-align: center;\"><span class=\"_50f4\">Gremi d&#8217;hortolans 19 <\/span><\/div>\n<div style=\"text-align: center;\"><span class=\"_50f4\">(Poligon Son Rossinyol)<\/span><\/div>\n<div style=\"text-align: center;\"><span class=\"_50f4\">07009 Palma de Mallorca<\/span><\/div>\n<div style=\"text-align: center;\">Tel\u00e9fono:\u00a0971666920<\/div>\n<div style=\"text-align: center;\">Email:\u00a0<span style=\"color: #ffffff;\"><a style=\"color: #ffffff;\" href=\"mailto:mmss@marcsimoldures.com\">mmss@marcsimoldures.com<\/a><\/span><\/div>\n<p>[\/et_pb_text][\/et_pb_column][\/et_pb_row][et_pb_row _builder_version=&#8221;3.0.106&#8243;][et_pb_column type=&#8221;4_4&#8243; _builder_version=&#8221;3.0.106&#8243; parallax=&#8221;off&#8221; parallax_method=&#8221;on&#8221;][et_pb_text _builder_version=&#8221;3.0.106&#8243;][\/et_pb_text][et_pb_divider show_divider=&#8221;on&#8221; _builder_version=&#8221;3.0.47&#8243; custom_css_main_element=&#8221;margin-top:-9px;&#8221; hide_on_mobile=&#8221;off&#8221;][\/et_pb_divider][et_pb_text _builder_version=&#8221;3.0.106&#8243; text_text_color=&#8221;#ffffff&#8221; background_size=&#8221;initial&#8221; background_position=&#8221;top_left&#8221; background_repeat=&#8221;repeat&#8221; custom_margin=&#8221;30px|||&#8221; use_border_color=&#8221;off&#8221;]<\/p>\n<p style=\"color: white; text-align: center;\"><a style=\"color: white; text-align: center;\" href=\"https:\/\/marcsimoldures.com\/politica-de-privacidad\/\" target=\"_blank\">Pol\u00edtica de Privacitat<\/a> &#8211; <a style=\"color: white; text-align: center;\" href=\"https:\/\/marcsimoldures.com\/politica-de-cookes\/\" target=\"_blank\">Pol\u00edtica de cookies<\/a> &#8211; <a style=\"color: white; text-align: center;\" href=\"https:\/\/marcsimoldures.com\/aviso-legal\/\" target=\"_blank\">Avis legal<\/a><\/p>\n<p>[\/et_pb_text][\/et_pb_column][\/et_pb_row][\/et_pb_section]<\/p>\n","protected":false},"excerpt":{"rendered":"<p>[et_pb_section fb_built=&#8221;1&#8243; fullwidth=&#8221;on&#8221; _builder_version=&#8221;3.0.47&#8243; transparent_background=&#8221;off&#8221;][et_pb_fullwidth_slider _builder_version=&#8221;3.0.47&#8243; parallax=&#8221;on&#8221; custom_padding=&#8221;350px||350px|&#8221; custom_padding_tablet=&#8221;|||&#8221; custom_padding_phone=&#8221;|||&#8221; auto=&#8221;on&#8221; auto_speed=&#8221;5000&#8243; custom_css_slide_title=&#8221;margin-top:-100px;&#8221; top_padding=&#8221;350px&#8221; bottom_padding=&#8221;350px&#8221; remove_inner_shadow=&#8221;on&#8221; hide_content_on_mobile=&#8221;off&#8221; hide_cta_on_mobile=&#8221;off&#8221; show_inner_shadow=&#8221;off&#8221;][et_pb_slide heading=&#8221;M\u00c0XIMA QUALITAT AL MILLOR PREU&#8221; use_bg_overlay=&#8221;off&#8221; use_text_overlay=&#8221;off&#8221; arrows_custom_color=&#8221;#ffffff&#8221; dot_nav_custom_color=&#8221;#ffffff&#8221; _builder_version=&#8221;3.0.47&#8243; header_font=&#8221;Raleway|on||on|&#8221; header_font_size=&#8221;46px&#8221; header_font_size_tablet=&#8221;46px&#8221; header_font_size_phone=&#8221;30px&#8221; header_font_size_last_edited=&#8221;on|phone&#8221; header_text_color=&#8221;#ffffff&#8221; header_letter_spacing=&#8221;1px&#8221; header_letter_spacing_tablet=&#8221;1px&#8221; header_letter_spacing_phone=&#8221;1px&#8221; body_font=&#8221;||||&#8221; background_image=&#8221;https:\/\/marcsimoldures.com\/wp-content\/uploads\/2017\/02\/MMslider1.jpg&#8221; background_size=&#8221;default&#8221; background_position=&#8221;default&#8221; custom_button=&#8221;off&#8221; button_icon_placement=&#8221;right&#8221; button_on_hover=&#8221;on&#8221;][\/et_pb_slide][et_pb_slide heading=&#8221;SOMS ESPECIALISTES EN ENMARCACI\u00d3&#8221; use_bg_overlay=&#8221;off&#8221; use_text_overlay=&#8221;off&#8221; arrows_custom_color=&#8221;#ffffff&#8221; dot_nav_custom_color=&#8221;#ffffff&#8221; _builder_version=&#8221;3.0.47&#8243; header_font=&#8221;Raleway|on||on|&#8221; [&hellip;]<\/p>\n","protected":false},"author":1,"featured_media":0,"parent":0,"menu_order":0,"comment_status":"closed","ping_status":"closed","template":"","meta":{"footnotes":""},"class_list":["post-547","page","type-page","status-publish","hentry"],"_links":{"self":[{"href":"https:\/\/marcsimoldures.com\/ca\/wp-json\/wp\/v2\/pages\/547","targetHints":{"allow":["GET"]}}],"collection":[{"href":"https:\/\/marcsimoldures.com\/ca\/wp-json\/wp\/v2\/pages"}],"about":[{"href":"https:\/\/marcsimoldures.com\/ca\/wp-json\/wp\/v2\/types\/page"}],"author":[{"embeddable":true,"href":"https:\/\/marcsimoldures.com\/ca\/wp-json\/wp\/v2\/users\/1"}],"replies":[{"embeddable":true,"href":"https:\/\/marcsimoldures.com\/ca\/wp-json\/wp\/v2\/comments?post=547"}],"version-history":[{"count":54,"href":"https:\/\/marcsimoldures.com\/ca\/wp-json\/wp\/v2\/pages\/547\/revisions"}],"predecessor-version":[{"id":1599,"href":"https:\/\/marcsimoldures.com\/ca\/wp-json\/wp\/v2\/pages\/547\/revisions\/1599"}],"wp:attachment":[{"href":"https:\/\/marcsimoldures.com\/ca\/wp-json\/wp\/v2\/media?parent=547"}],"curies":[{"name":"wp","href":"https:\/\/api.w.org\/{rel}","templated":true}]}}