{"id":715,"date":"2017-02-01T11:31:15","date_gmt":"2017-02-01T10:31:15","guid":{"rendered":"http:\/\/marcsimoldures.com\/inicio\/"},"modified":"2026-02-25T16:06:18","modified_gmt":"2026-02-25T15:06:18","slug":"inicio","status":"publish","type":"page","link":"https:\/\/marcsimoldures.com\/de\/","title":{"rendered":"HOME"},"content":{"rendered":"<p>[et_pb_section fb_built=&#8220;1&#8243; fullwidth=&#8220;on&#8220; _builder_version=&#8220;3.0.47&#8243; transparent_background=&#8220;off&#8220;][et_pb_fullwidth_slider _builder_version=&#8220;3.0.47&#8243; parallax=&#8220;on&#8220; custom_padding=&#8220;350px||350px|&#8220; custom_padding_tablet=&#8220;|||&#8220; custom_padding_phone=&#8220;|||&#8220; auto=&#8220;on&#8220; auto_speed=&#8220;5000&#8243; custom_css_slide_title=&#8220;margin-top:-100px;&#8220; top_padding=&#8220;350px&#8220; bottom_padding=&#8220;350px&#8220; remove_inner_shadow=&#8220;on&#8220; hide_content_on_mobile=&#8220;off&#8220; hide_cta_on_mobile=&#8220;off&#8220; show_inner_shadow=&#8220;off&#8220;][et_pb_slide heading=&#8220;Die beste qualit\u00e4te zum besten preis&#8220; use_bg_overlay=&#8220;off&#8220; use_text_overlay=&#8220;off&#8220; arrows_custom_color=&#8220;#ffffff&#8220; dot_nav_custom_color=&#8220;#ffffff&#8220; _builder_version=&#8220;3.0.47&#8243; header_font=&#8220;Raleway|on||on|&#8220; header_font_size=&#8220;46px&#8220; header_font_size_tablet=&#8220;46px&#8220; header_font_size_phone=&#8220;30px&#8220; header_font_size_last_edited=&#8220;on|phone&#8220; header_text_color=&#8220;#ffffff&#8220; header_letter_spacing=&#8220;1px&#8220; header_letter_spacing_tablet=&#8220;1px&#8220; header_letter_spacing_phone=&#8220;1px&#8220; body_font=&#8220;||||&#8220; background_image=&#8220;https:\/\/marcsimoldures.com\/wp-content\/uploads\/2017\/02\/MMslider1.jpg&#8220; background_size=&#8220;default&#8220; background_position=&#8220;default&#8220; custom_button=&#8220;off&#8220; button_icon_placement=&#8220;right&#8220; button_on_hover=&#8220;on&#8220;][\/et_pb_slide][et_pb_slide heading=&#8220;Wir sind spezialisten in Bild rahmung&#8220; use_bg_overlay=&#8220;off&#8220; use_text_overlay=&#8220;off&#8220; arrows_custom_color=&#8220;#ffffff&#8220; dot_nav_custom_color=&#8220;#ffffff&#8220; _builder_version=&#8220;3.0.47&#8243; header_font=&#8220;Raleway|on||on|&#8220; header_font_size=&#8220;46px&#8220; header_font_size_tablet=&#8220;46px&#8220; header_font_size_phone=&#8220;30px&#8220; header_font_size_last_edited=&#8220;on|phone&#8220; header_text_color=&#8220;#ffffff&#8220; header_letter_spacing=&#8220;1px&#8220; header_letter_spacing_tablet=&#8220;1px&#8220; header_letter_spacing_phone=&#8220;1px&#8220; body_font=&#8220;||||&#8220; background_image=&#8220;https:\/\/marcsimoldures.com\/wp-content\/uploads\/2017\/02\/MMslider3.jpg&#8220; background_size=&#8220;default&#8220; background_position=&#8220;default&#8220; custom_button=&#8220;off&#8220; button_icon_placement=&#8220;right&#8220; button_on_hover=&#8220;on&#8220;][\/et_pb_slide][et_pb_slide heading=&#8220;Grosse Auswahl an zierleisten&#8220; use_bg_overlay=&#8220;off&#8220; use_text_overlay=&#8220;off&#8220; arrows_custom_color=&#8220;#ffffff&#8220; dot_nav_custom_color=&#8220;#ffffff&#8220; _builder_version=&#8220;3.0.47&#8243; header_font=&#8220;Raleway|on||on|&#8220; header_font_size=&#8220;46px&#8220; header_font_size_tablet=&#8220;46px&#8220; header_font_size_phone=&#8220;30px&#8220; header_font_size_last_edited=&#8220;on|phone&#8220; header_text_color=&#8220;#ffffff&#8220; header_letter_spacing=&#8220;1px&#8220; header_letter_spacing_tablet=&#8220;1px&#8220; header_letter_spacing_phone=&#8220;1px&#8220; body_font=&#8220;||||&#8220; background_image=&#8220;https:\/\/marcsimoldures.com\/wp-content\/uploads\/2017\/02\/MMsoider9.jpg&#8220; background_size=&#8220;default&#8220; background_position=&#8220;default&#8220; custom_button=&#8220;off&#8220; button_icon_placement=&#8220;right&#8220; button_on_hover=&#8220;on&#8220;][\/et_pb_slide][et_pb_slide heading=&#8220;Ausstellungsumrahmung&#8220; use_bg_overlay=&#8220;off&#8220; use_text_overlay=&#8220;off&#8220; arrows_custom_color=&#8220;#ffffff&#8220; dot_nav_custom_color=&#8220;#ffffff&#8220; _builder_version=&#8220;3.0.47&#8243; header_font=&#8220;Raleway|on||on|&#8220; header_font_size=&#8220;46px&#8220; header_font_size_tablet=&#8220;46px&#8220; header_font_size_phone=&#8220;30px&#8220; header_font_size_last_edited=&#8220;on|phone&#8220; header_text_color=&#8220;#ffffff&#8220; header_letter_spacing=&#8220;1px&#8220; header_letter_spacing_tablet=&#8220;1px&#8220; header_letter_spacing_phone=&#8220;1px&#8220; body_font=&#8220;||||&#8220; background_image=&#8220;https:\/\/marcsimoldures.com\/wp-content\/uploads\/2017\/02\/MMslider7.jpg&#8220; background_size=&#8220;default&#8220; custom_button=&#8220;off&#8220; button_icon_placement=&#8220;right&#8220; button_on_hover=&#8220;on&#8220;][\/et_pb_slide][et_pb_slide heading=&#8220;Pers\u00f6nliche Betreuung&#8220; use_bg_overlay=&#8220;off&#8220; use_text_overlay=&#8220;off&#8220; arrows_custom_color=&#8220;#ffffff&#8220; dot_nav_custom_color=&#8220;#ffffff&#8220; _builder_version=&#8220;3.0.47&#8243; header_font=&#8220;Raleway|on||on|&#8220; header_font_size=&#8220;46px&#8220; header_font_size_tablet=&#8220;46px&#8220; header_font_size_phone=&#8220;30px&#8220; header_font_size_last_edited=&#8220;on|phone&#8220; header_text_color=&#8220;#ffffff&#8220; header_letter_spacing=&#8220;1px&#8220; header_letter_spacing_tablet=&#8220;1px&#8220; header_letter_spacing_phone=&#8220;1px&#8220; body_font=&#8220;||||&#8220; background_image=&#8220;https:\/\/marcsimoldures.com\/wp-content\/uploads\/2017\/02\/MMslider13.jpg&#8220; background_size=&#8220;default&#8220; background_position=&#8220;bottom_center&#8220; custom_button=&#8220;off&#8220; button_icon_placement=&#8220;right&#8220; button_on_hover=&#8220;on&#8220;][\/et_pb_slide][\/et_pb_fullwidth_slider][\/et_pb_section][et_pb_section fb_built=&#8220;1&#8243; _builder_version=&#8220;3.0.47&#8243; transparent_background=&#8220;off&#8220;][et_pb_row make_fullwidth=&#8220;on&#8220; use_custom_gutter=&#8220;on&#8220; gutter_width=&#8220;1&#8243; custom_margin=&#8220;-81px||-2px|&#8220; parallax_method_1=&#8220;off&#8220; parallax_method_2=&#8220;off&#8220; _builder_version=&#8220;3.0.47&#8243; background_size=&#8220;initial&#8220; background_position=&#8220;top_left&#8220; background_repeat=&#8220;repeat&#8220;][et_pb_column type=&#8220;1_2&#8243; _builder_version=&#8220;3.0.47&#8243; parallax=&#8220;off&#8220; parallax_method=&#8220;off&#8220;][et_pb_text _builder_version=&#8220;3.0.47&#8243; text_font=&#8220;Raleway||||&#8220; text_font_size=&#8220;18px&#8220; text_text_color=&#8220;#2b2b2b&#8220; text_line_height=&#8220;2em&#8220; header_font=&#8220;Raleway|on|||&#8220; header_font_size=&#8220;36px&#8220; header_text_color=&#8220;#2b2b2b&#8220; header_letter_spacing=&#8220;1px&#8220; background_size=&#8220;initial&#8220; background_position=&#8220;top_left&#8220; background_repeat=&#8220;repeat&#8220; custom_margin=&#8220;90px|40px||40px&#8220; use_border_color=&#8220;off&#8220; border_color=&#8220;#ffffff&#8220; border_style=&#8220;solid&#8220;]<\/p>\n<h1 style=\"text-align: center;\">Marcs y Moldures Son Sardina<\/h1>\n<p>&nbsp;<\/p>\n<p style=\"text-align: center;\">Neues Einrahmungsgesch\u00e4ft in Palma de Mallorca.<br \/>\n\u00dcber 800 verschiedene Rahmenausf\u00fchrungen zum besten Preis.<br \/>\nAuch Sofortrahmungen.<\/p>\n<p>[\/et_pb_text][\/et_pb_column][et_pb_column type=&#8220;1_2&#8243; _builder_version=&#8220;3.0.47&#8243; parallax=&#8220;off&#8220; parallax_method=&#8220;off&#8220;][et_pb_gallery gallery_ids=&#8220;605,601,602,603,604,600&#8243; fullwidth=&#8220;on&#8220; hover_icon=&#8220;%%3%%&#8220; _builder_version=&#8220;3.0.47&#8243; auto=&#8220;on&#8220; auto_speed=&#8220;3000&#8243; use_border_color=&#8220;off&#8220; border_color=&#8220;#ffffff&#8220; border_style=&#8220;solid&#8220; saved_tabs=&#8220;all&#8220;][\/et_pb_gallery][\/et_pb_column][\/et_pb_row][\/et_pb_section][et_pb_section fb_built=&#8220;1&#8243; background_color=&#8220;#1d2937&#8243; _builder_version=&#8220;3.0.47&#8243; custom_css_main_element=&#8220;margin-top:-80px;&#8220; transparent_background=&#8220;off&#8220;][et_pb_row make_fullwidth=&#8220;on&#8220; background_color=&#8220;rgba(204,102,0,0)&#8220; parallax_method_1=&#8220;off&#8220; _builder_version=&#8220;3.0.47&#8243; background_size=&#8220;initial&#8220; background_position=&#8220;top_left&#8220; background_repeat=&#8220;repeat&#8220;][et_pb_column type=&#8220;4_4&#8243; _builder_version=&#8220;3.0.47&#8243; parallax=&#8220;off&#8220; parallax_method=&#8220;off&#8220;][et_pb_text _builder_version=&#8220;3.0.47&#8243; text_font_size=&#8220;26px&#8220; text_letter_spacing=&#8220;1px&#8220; text_line_height=&#8220;2em&#8220; header_font=&#8220;Raleway||||&#8220; header_text_color=&#8220;#ffffff&#8220; header_letter_spacing=&#8220;1px&#8220; header_line_height=&#8220;2em&#8220; background_size=&#8220;initial&#8220; background_position=&#8220;top_left&#8220; background_repeat=&#8220;repeat&#8220; text_orientation=&#8220;center&#8220; module_alignment=&#8220;center&#8220; use_border_color=&#8220;off&#8220; border_color=&#8220;#ffffff&#8220; border_style=&#8220;solid&#8220;]<span style=\"color: #ffffff;\">Wir bieten Ihnen die beste Qualit\u00e4t und Professionalit\u00e4t in unserer t\u00e4glichen Arbeit.<\/span><br \/>\n<span style=\"color: #ffffff;\"> Wir bieten die beste Kundebedienung, wir benutzen die besten Materialen f\u00fcr alle unsere Umrandungen um die beste Fertigbearbeitung zu erhalten.<\/span><br \/>\n[\/et_pb_text][\/et_pb_column][\/et_pb_row][\/et_pb_section][et_pb_section fb_built=&#8220;1&#8243; _builder_version=&#8220;3.0.47&#8243;][et_pb_row make_fullwidth=&#8220;on&#8220; use_custom_gutter=&#8220;on&#8220; gutter_width=&#8220;1&#8243; _builder_version=&#8220;3.0.100&#8243;][et_pb_column type=&#8220;1_4&#8243; _builder_version=&#8220;3.0.47&#8243; parallax=&#8220;off&#8220; parallax_method=&#8220;on&#8220;][et_pb_image src=&#8220;https:\/\/marcsimoldures.com\/wp-content\/uploads\/2017\/02\/MMfoto5vertical.jpg&#8220; _builder_version=&#8220;3.0.100&#8243;][\/et_pb_image][\/et_pb_column][et_pb_column type=&#8220;1_4&#8243; _builder_version=&#8220;3.0.47&#8243; parallax=&#8220;off&#8220; parallax_method=&#8220;on&#8220;][et_pb_image src=&#8220;https:\/\/marcsimoldures.com\/wp-content\/uploads\/2017\/02\/MMfoto6vertical.jpg&#8220; _builder_version=&#8220;3.0.100&#8243;][\/et_pb_image][\/et_pb_column][et_pb_column type=&#8220;1_4&#8243; _builder_version=&#8220;3.0.47&#8243; parallax=&#8220;off&#8220; parallax_method=&#8220;on&#8220;][et_pb_image src=&#8220;https:\/\/marcsimoldures.com\/wp-content\/uploads\/2017\/02\/MMfoto3vertical.jpg&#8220; _builder_version=&#8220;3.0.100&#8243;][\/et_pb_image][\/et_pb_column][et_pb_column type=&#8220;1_4&#8243; _builder_version=&#8220;3.0.47&#8243; parallax=&#8220;off&#8220; parallax_method=&#8220;on&#8220;][et_pb_image src=&#8220;https:\/\/marcsimoldures.com\/wp-content\/uploads\/2017\/02\/MMfoto4vertical.jpg&#8220; _builder_version=&#8220;3.0.100&#8243;][\/et_pb_image][\/et_pb_column][\/et_pb_row][\/et_pb_section][et_pb_section fb_built=&#8220;1&#8243; _builder_version=&#8220;3.0.47&#8243; background_image=&#8220;https:\/\/marcsimoldures.com\/wp-content\/uploads\/2017\/02\/MMfondofinalidad.jpg&#8220; custom_padding=&#8220;200px||200px|&#8220; custom_css_main_element=&#8220;margin-top:-4px;&#8220; transparent_background=&#8220;off&#8220;][et_pb_row make_fullwidth=&#8220;on&#8220; use_custom_gutter=&#8220;on&#8220; gutter_width=&#8220;1&#8243; parallax_method_1=&#8220;off&#8220; parallax_method_2=&#8220;off&#8220; _builder_version=&#8220;3.0.47&#8243; background_size=&#8220;initial&#8220; background_position=&#8220;top_left&#8220; background_repeat=&#8220;repeat&#8220;][et_pb_column type=&#8220;1_2&#8243; _builder_version=&#8220;3.0.47&#8243; parallax=&#8220;off&#8220; parallax_method=&#8220;off&#8220;][et_pb_text _builder_version=&#8220;3.0.47&#8243; text_font=&#8220;Raleway||||&#8220; text_font_size=&#8220;22px&#8220; text_text_color=&#8220;#ffffff&#8220; text_line_height=&#8220;2em&#8220; header_font=&#8220;Raleway|on|||&#8220; header_font_size=&#8220;40px&#8220; header_text_color=&#8220;#ffffff&#8220; header_letter_spacing=&#8220;1px&#8220; background_size=&#8220;initial&#8220; background_position=&#8220;top_left&#8220; background_repeat=&#8220;repeat&#8220; custom_margin=&#8220;|40px||40px&#8220; use_border_color=&#8220;off&#8220; border_color=&#8220;#ffffff&#8220; border_style=&#8220;solid&#8220;]<\/p>\n<h1>Finalit\u00e4t &#8230;<\/h1>\n<p>Als wir ein Bild gerahmt, verbessern wir die Sch\u00f6nheit der Arbeit und gleichzeitig sch\u00fctzen wir es, deswegen beraten wir unsere Kunden, unter Ber\u00fccksichtigung der Wert von dem Arbeit, wo es stehen wird, die dekoration\u2026usw.<br \/>\n[\/et_pb_text][\/et_pb_column][et_pb_column type=&#8220;1_2&#8243; _builder_version=&#8220;3.0.47&#8243; parallax=&#8220;off&#8220; parallax_method=&#8220;off&#8220;][\/et_pb_column][\/et_pb_row][\/et_pb_section][et_pb_section fb_built=&#8220;1&#8243; _builder_version=&#8220;3.0.47&#8243;][et_pb_row _builder_version=&#8220;3.0.47&#8243; background_size=&#8220;initial&#8220; background_position=&#8220;top_left&#8220; background_repeat=&#8220;repeat&#8220;][et_pb_column type=&#8220;1_4&#8243; _builder_version=&#8220;3.0.47&#8243; parallax=&#8220;off&#8220; parallax_method=&#8220;on&#8220;][et_pb_blurb title=&#8220;\u00dcber 800 Rahmenausf\u00fchrungen&#8220; use_icon=&#8220;on&#8220; font_icon=&#8220;%%100%%&#8220; icon_color=&#8220;#8f7243&#8243; use_icon_font_size=&#8220;on&#8220; icon_font_size=&#8220;54px&#8220; _builder_version=&#8220;3.0.47&#8243; header_font=&#8220;Raleway|on|||&#8220; header_font_size=&#8220;28px&#8220; header_text_color=&#8220;#2b2b2b&#8220; body_font=&#8220;Raleway||||&#8220; body_font_size=&#8220;14px&#8220; background_size=&#8220;initial&#8220; background_position=&#8220;top_left&#8220; background_repeat=&#8220;repeat&#8220; text_orientation=&#8220;center&#8220; custom_css_blurb_content=&#8220;margin-top:10px;&#8220; use_border_color=&#8220;off&#8220; border_color=&#8220;#ffffff&#8220; border_style=&#8220;solid&#8220;]Bei Marcs i Moldures Son Sardina k\u00f6nnen Sie aus einem Angebot von \u00fcber 800 Rahmenausf\u00fchrungen w\u00e4hlen.<br \/>\n[\/et_pb_blurb][\/et_pb_column][et_pb_column type=&#8220;1_4&#8243; _builder_version=&#8220;3.0.47&#8243; parallax=&#8220;off&#8220; parallax_method=&#8220;on&#8220;][et_pb_blurb title=&#8220;Sofortrahmung&#8220; use_icon=&#8220;on&#8220; font_icon=&#8220;%%166%%&#8220; icon_color=&#8220;#8f7243&#8243; use_icon_font_size=&#8220;on&#8220; icon_font_size=&#8220;54px&#8220; _builder_version=&#8220;3.0.47&#8243; header_font=&#8220;Raleway|on|||&#8220; header_font_size=&#8220;28px&#8220; header_text_color=&#8220;#2b2b2b&#8220; body_font=&#8220;Raleway||||&#8220; body_font_size=&#8220;14px&#8220; background_size=&#8220;initial&#8220; background_position=&#8220;top_left&#8220; background_repeat=&#8220;repeat&#8220; text_orientation=&#8220;center&#8220; custom_css_blurb_title=&#8220;margin-bottom:60px;&#8220; custom_css_blurb_content=&#8220;margin-top:10px;&#8220; use_border_color=&#8220;off&#8220; border_color=&#8220;#ffffff&#8220; border_style=&#8220;solid&#8220;]Keine tagelangen Wartezeiten! Marcs i Moldures realisiert ihr Rahmenprojekt sofort.<\/p>\n<p>&nbsp;<\/p>\n<p>&nbsp;<\/p>\n<p>&nbsp;<\/p>\n<p>&nbsp;<br \/>\n[\/et_pb_blurb][\/et_pb_column][et_pb_column type=&#8220;1_4&#8243; _builder_version=&#8220;3.0.47&#8243; parallax=&#8220;off&#8220; parallax_method=&#8220;on&#8220;][et_pb_blurb title=&#8220;Durchgehende \u00d6ffnungszeiten&#8220; use_icon=&#8220;on&#8220; font_icon=&#8220;%%227%%&#8220; icon_color=&#8220;#8f7243&#8243; use_icon_font_size=&#8220;on&#8220; icon_font_size=&#8220;54px&#8220; _builder_version=&#8220;3.0.106&#8243; header_font=&#8220;Raleway|on|||&#8220; header_font_size=&#8220;28px&#8220; header_text_color=&#8220;#2b2b2b&#8220; body_font=&#8220;Raleway||||&#8220; background_size=&#8220;initial&#8220; background_position=&#8220;top_left&#8220; background_repeat=&#8220;repeat&#8220; text_orientation=&#8220;center&#8220; max_width_tablet=&#8220;50px&#8220; custom_css_blurb_title=&#8220;margin-bottom:34px;&#8220; custom_css_blurb_content=&#8220;margin-top:10px;&#8220; use_border_color=&#8220;off&#8220;]<\/p>\n<p>Wir sind von Montag bis Freitag von 9.00 bis 18.00 Uhr und samstags von 9.30 bis 13.15 Uhr f\u00fcr Sie da.<\/p>\n<p>&nbsp;<\/p>\n<p>&nbsp;<\/p>\n<p>[\/et_pb_blurb][\/et_pb_column][et_pb_column type=&#8220;1_4&#8243; _builder_version=&#8220;3.0.47&#8243; parallax=&#8220;off&#8220; parallax_method=&#8220;on&#8220;][et_pb_blurb title=&#8220;Bleiben Sie in Kontakt&#8220; use_icon=&#8220;on&#8220; font_icon=&#8220;%%221%%&#8220; icon_color=&#8220;#8f7243&#8243; use_icon_font_size=&#8220;on&#8220; icon_font_size=&#8220;54px&#8220; _builder_version=&#8220;3.0.47&#8243; header_font=&#8220;Raleway|on|||&#8220; header_font_size=&#8220;28px&#8220; header_text_color=&#8220;#2b2b2b&#8220; body_font=&#8220;Raleway||||&#8220; body_font_size=&#8220;14px&#8220; background_size=&#8220;initial&#8220; background_position=&#8220;top_left&#8220; background_repeat=&#8220;repeat&#8220; text_orientation=&#8220;center&#8220; custom_css_blurb_image=&#8220;margin-top:10px;&#8220; custom_css_blurb_title=&#8220;margin-bottom:29px;&#8220; use_border_color=&#8220;off&#8220; border_color=&#8220;#ffffff&#8220; border_style=&#8220;solid&#8220;]Der Kontakt zu unseren Kunden ist uns wichtig. Hier k\u00f6nnen Sie sich jederzeit auf dem Laufenden halten.<br \/>\n[\/et_pb_blurb][\/et_pb_column][\/et_pb_row][\/et_pb_section][et_pb_section fb_built=&#8220;1&#8243; background_color=&#8220;#1d2937&#8243; _builder_version=&#8220;3.0.47&#8243; transparent_background=&#8220;off&#8220; global_module=&#8220;862&#8243;][et_pb_row _builder_version=&#8220;3.0.47&#8243; background_size=&#8220;initial&#8220; background_position=&#8220;top_left&#8220; background_repeat=&#8220;repeat&#8220;][et_pb_column type=&#8220;1_3&#8243; _builder_version=&#8220;3.0.47&#8243; parallax=&#8220;off&#8220; parallax_method=&#8220;on&#8220;][et_pb_text _builder_version=&#8220;3.0.47&#8243; background_size=&#8220;initial&#8220; background_position=&#8220;top_left&#8220; background_repeat=&#8220;repeat&#8220; text_orientation=&#8220;center&#8220; module_alignment=&#8220;center&#8220; use_border_color=&#8220;off&#8220; border_color=&#8220;#ffffff&#8220; border_style=&#8220;solid&#8220;]<\/p>\n<h4 style=\"text-align: center;\"><span style=\"color: #ffffff;\">DURCHGEHENDE \u00d6FFNUNGSZEITEN<\/span><\/h4>\n<p>[\/et_pb_text][et_pb_divider show_divider=&#8220;on&#8220; _builder_version=&#8220;3.0.47&#8243; hide_on_mobile=&#8220;off&#8220;][\/et_pb_divider][et_pb_text _builder_version=&#8220;3.0.106&#8243; text_text_color=&#8220;#ffffff&#8220; background_size=&#8220;initial&#8220; background_position=&#8220;top_left&#8220; background_repeat=&#8220;repeat&#8220; custom_margin=&#8220;30px|||&#8220; use_border_color=&#8220;off&#8220;]<\/p>\n<p style=\"text-align: center;\"><strong>MONTAG &#8211; FREITAG<\/strong><\/p>\n<p style=\"text-align: center;\">9.00 h a 18.00 h<\/p>\n<p style=\"text-align: center;\"><strong>SAMSTAG<\/strong><\/p>\n<p style=\"text-align: center;\">9.30 h a 13.15 h<\/p>\n<p>[\/et_pb_text][\/et_pb_column][et_pb_column type=&#8220;1_3&#8243; _builder_version=&#8220;3.0.47&#8243; parallax=&#8220;off&#8220; parallax_method=&#8220;on&#8220;][et_pb_text _builder_version=&#8220;3.0.47&#8243; background_size=&#8220;initial&#8220; background_position=&#8220;top_left&#8220; background_repeat=&#8220;repeat&#8220; text_orientation=&#8220;center&#8220; module_alignment=&#8220;center&#8220; use_border_color=&#8220;off&#8220; border_color=&#8220;#ffffff&#8220; border_style=&#8220;solid&#8220;]<\/p>\n<h4 style=\"text-align: center;\"><span style=\"color: #ffffff;\">FOLEGN SIE UNS<\/span><\/h4>\n<p>[\/et_pb_text][et_pb_divider show_divider=&#8220;on&#8220; _builder_version=&#8220;3.0.47&#8243; hide_on_mobile=&#8220;off&#8220;][\/et_pb_divider][et_pb_social_media_follow _builder_version=&#8220;3.0.106&#8243; text_orientation=&#8220;left&#8220;][et_pb_social_media_follow_network social_network=&#8220;facebook&#8220; url=&#8220;https:\/\/www.facebook.com\/marcsimoldures&#8220; _builder_version=&#8220;3.0.106&#8243; background_color=&#8220;#3b5998&#8243; custom_css_main_element=&#8220;margin-top:30px;&#8220; custom_css_social_icon=&#8220;margin-top:40px;||margin-left:140px;&#8220; follow_button=&#8220;off&#8220; url_new_window=&#8220;on&#8220;]<\/p>\n<p>Facebook<\/p>\n<p>[\/et_pb_social_media_follow_network][et_pb_social_media_follow_network social_network=&#8220;instagram&#8220; url=&#8220;https:\/\/www.instagram.com\/marcsimolduressonsardina\/&#8220; _builder_version=&#8220;3.0.106&#8243; background_color=&#8220;#ea2c59&#8243; follow_button=&#8220;off&#8220; url_new_window=&#8220;on&#8220;]<\/p>\n<p>Instagram<\/p>\n<p>[\/et_pb_social_media_follow_network][\/et_pb_social_media_follow][\/et_pb_column][et_pb_column type=&#8220;1_3&#8243; _builder_version=&#8220;3.0.47&#8243; parallax=&#8220;off&#8220; parallax_method=&#8220;on&#8220;][et_pb_text _builder_version=&#8220;3.0.47&#8243; background_size=&#8220;initial&#8220; background_position=&#8220;top_left&#8220; background_repeat=&#8220;repeat&#8220; text_orientation=&#8220;center&#8220; module_alignment=&#8220;center&#8220; use_border_color=&#8220;off&#8220; border_color=&#8220;#ffffff&#8220; border_style=&#8220;solid&#8220;]<\/p>\n<h4 style=\"text-align: center;\"><span style=\"color: #ffffff;\">KONTAKTIEREN SIE UNS<\/span><\/h4>\n<p>[\/et_pb_text][et_pb_divider show_divider=&#8220;on&#8220; _builder_version=&#8220;3.0.47&#8243; hide_on_mobile=&#8220;off&#8220;][\/et_pb_divider][et_pb_text _builder_version=&#8220;3.0.47&#8243; text_text_color=&#8220;#ffffff&#8220; background_size=&#8220;initial&#8220; background_position=&#8220;top_left&#8220; background_repeat=&#8220;repeat&#8220; custom_margin=&#8220;30px|||&#8220; custom_css_main_element=&#8220;margin-top:70px;&#8220; use_border_color=&#8220;off&#8220; border_color=&#8220;#ffffff&#8220; border_style=&#8220;solid&#8220;]<\/p>\n<h4 style=\"text-align: center;\"><span style=\"color: #ffffff;\">Marcs i Moldures Son Sardina<\/span><\/h4>\n<div style=\"text-align: center;\"><span class=\"_50f4\">Gremi d&#8217;hortolans 19 <\/span><\/div>\n<div style=\"text-align: center;\"><span class=\"_50f4\">(Poligon Son Rossinyol)<\/span><\/div>\n<div style=\"text-align: center;\"><span class=\"_50f4\">07009 Palma de Mallorca<\/span><\/div>\n<div style=\"text-align: center;\">Telefon:\u00a0971666920<\/div>\n<div style=\"text-align: center;\">Email:\u00a0<span style=\"color: #ffffff;\"><a style=\"color: #ffffff;\" href=\"mailto:mmss@marcsimoldures.com\">mmss@marcsimoldures.com<\/a><\/span><\/div>\n<p>[\/et_pb_text][\/et_pb_column][\/et_pb_row][et_pb_row _builder_version=&#8220;3.0.106&#8243;][et_pb_column type=&#8220;4_4&#8243; _builder_version=&#8220;3.0.47&#8243; parallax=&#8220;off&#8220; parallax_method=&#8220;on&#8220;][et_pb_text _builder_version=&#8220;3.0.106&#8243;][\/et_pb_text][et_pb_divider show_divider=&#8220;on&#8220; _builder_version=&#8220;3.0.106&#8243; hide_on_mobile=&#8220;off&#8220;][\/et_pb_divider][et_pb_text _builder_version=&#8220;3.0.106&#8243; text_text_color=&#8220;#ffffff&#8220; background_size=&#8220;initial&#8220; background_position=&#8220;top_left&#8220; background_repeat=&#8220;repeat&#8220; custom_margin=&#8220;30px|||&#8220; use_border_color=&#8220;off&#8220;]<\/p>\n<p style=\"color: white; text-align: center;\"><a style=\"color: white; text-align: center;\" href=\"https:\/\/marcsimoldures.com\/politica-de-privacidad\/\" target=\"_blank\">Datenschutzerkl\u00e4rung<\/a> &#8211; <a style=\"color: white; text-align: center;\" href=\"https:\/\/marcsimoldures.com\/politica-de-cookes\/\" target=\"_blank\">Cookie-Richtlinie<\/a> &#8211; <a style=\"color: white; text-align: center;\" href=\"https:\/\/marcsimoldures.com\/aviso-legal\/\" target=\"_blank\">Impressum<\/a><\/p>\n<p>[\/et_pb_text][\/et_pb_column][\/et_pb_row][\/et_pb_section]<\/p>\n","protected":false},"excerpt":{"rendered":"<p>[et_pb_section fb_built=&#8220;1&#8243; fullwidth=&#8220;on&#8220; _builder_version=&#8220;3.0.47&#8243; transparent_background=&#8220;off&#8220;][et_pb_fullwidth_slider _builder_version=&#8220;3.0.47&#8243; parallax=&#8220;on&#8220; custom_padding=&#8220;350px||350px|&#8220; custom_padding_tablet=&#8220;|||&#8220; custom_padding_phone=&#8220;|||&#8220; auto=&#8220;on&#8220; auto_speed=&#8220;5000&#8243; custom_css_slide_title=&#8220;margin-top:-100px;&#8220; top_padding=&#8220;350px&#8220; bottom_padding=&#8220;350px&#8220; remove_inner_shadow=&#8220;on&#8220; hide_content_on_mobile=&#8220;off&#8220; hide_cta_on_mobile=&#8220;off&#8220; show_inner_shadow=&#8220;off&#8220;][et_pb_slide heading=&#8220;Die beste qualit\u00e4te zum besten preis&#8220; use_bg_overlay=&#8220;off&#8220; use_text_overlay=&#8220;off&#8220; arrows_custom_color=&#8220;#ffffff&#8220; dot_nav_custom_color=&#8220;#ffffff&#8220; _builder_version=&#8220;3.0.47&#8243; header_font=&#8220;Raleway|on||on|&#8220; header_font_size=&#8220;46px&#8220; header_font_size_tablet=&#8220;46px&#8220; header_font_size_phone=&#8220;30px&#8220; header_font_size_last_edited=&#8220;on|phone&#8220; header_text_color=&#8220;#ffffff&#8220; header_letter_spacing=&#8220;1px&#8220; header_letter_spacing_tablet=&#8220;1px&#8220; header_letter_spacing_phone=&#8220;1px&#8220; body_font=&#8220;||||&#8220; background_image=&#8220;https:\/\/marcsimoldures.com\/wp-content\/uploads\/2017\/02\/MMslider1.jpg&#8220; background_size=&#8220;default&#8220; background_position=&#8220;default&#8220; custom_button=&#8220;off&#8220; button_icon_placement=&#8220;right&#8220; button_on_hover=&#8220;on&#8220;][\/et_pb_slide][et_pb_slide heading=&#8220;Wir sind spezialisten in Bild rahmung&#8220; use_bg_overlay=&#8220;off&#8220; use_text_overlay=&#8220;off&#8220; arrows_custom_color=&#8220;#ffffff&#8220; [&hellip;]<\/p>\n","protected":false},"author":1,"featured_media":0,"parent":0,"menu_order":0,"comment_status":"closed","ping_status":"closed","template":"","meta":{"footnotes":""},"class_list":["post-715","page","type-page","status-publish","hentry"],"_links":{"self":[{"href":"https:\/\/marcsimoldures.com\/de\/wp-json\/wp\/v2\/pages\/715","targetHints":{"allow":["GET"]}}],"collection":[{"href":"https:\/\/marcsimoldures.com\/de\/wp-json\/wp\/v2\/pages"}],"about":[{"href":"https:\/\/marcsimoldures.com\/de\/wp-json\/wp\/v2\/types\/page"}],"author":[{"embeddable":true,"href":"https:\/\/marcsimoldures.com\/de\/wp-json\/wp\/v2\/users\/1"}],"replies":[{"embeddable":true,"href":"https:\/\/marcsimoldures.com\/de\/wp-json\/wp\/v2\/comments?post=715"}],"version-history":[{"count":53,"href":"https:\/\/marcsimoldures.com\/de\/wp-json\/wp\/v2\/pages\/715\/revisions"}],"predecessor-version":[{"id":1609,"href":"https:\/\/marcsimoldures.com\/de\/wp-json\/wp\/v2\/pages\/715\/revisions\/1609"}],"wp:attachment":[{"href":"https:\/\/marcsimoldures.com\/de\/wp-json\/wp\/v2\/media?parent=715"}],"curies":[{"name":"wp","href":"https:\/\/api.w.org\/{rel}","templated":true}]}}